{"id":3202,"date":"2017-05-13T12:19:09","date_gmt":"2017-05-13T12:19:09","guid":{"rendered":"http:\/\/feihmann.com\/?page_id=3202"},"modified":"2017-06-01T10:32:54","modified_gmt":"2017-06-01T10:32:54","slug":"sertifikalarimiz","status":"publish","type":"page","link":"https:\/\/feihmann.com.tr\/en\/sertifikalarimiz\/","title":{"rendered":"Sertifikalar\u0131m\u0131z"},"content":{"rendered":"<div class=\"flex_column av_one_full  flex_column_div av-zero-column-padding first  \" style='border-radius:0px; '><div id='av-masonry-1' class='av-masonry noHover av-flex-size av-large-gap av-hover-overlay-active av-masonry-col-3 av-caption-always av-caption-style- av-masonry-gallery  '  ><div class='av-masonry-container isotope av-js-disabled ' ><div class='av-masonry-entry isotope-item av-masonry-item-no-image '><\/div><a href=\"https:\/\/feihmann.com.tr\/wp-content\/uploads\/2017\/05\/1-4-723x1030.jpg\" id='av-masonry-1-item-3203' data-av-masonry-item='3203' class='av-masonry-entry isotope-item post-3203 attachment type-attachment status-inherit hentry  av-masonry-item-with-image' title=\"MAK\u0130NA EMN\u0130YET\u0130 TASD\u0130K BELGES\u0130\"  itemprop=\"thumbnailUrl\" ><div class='av-inner-masonry-sizer'><\/div><figure class='av-inner-masonry main_color'><div class=\"av-masonry-outerimage-container\"><div class=\"av-masonry-image-container\" style=\"background-image: url(https:\/\/feihmann.com.tr\/wp-content\/uploads\/2017\/05\/1-4-495x705.jpg);\"><img src=\"https:\/\/feihmann.com.tr\/wp-content\/uploads\/2017\/05\/1-4-495x705.jpg\" title=\"\" alt=\"\" \/><\/div><\/div><figcaption class='av-inner-masonry-content site-background'><div class='av-inner-masonry-content-pos'><div class='av-inner-masonry-content-pos-content'><div class='avia-arrow'><\/div><h3 class='av-masonry-entry-title entry-title'  itemprop=\"headline\" ><\/h3><div class='av-masonry-entry-content entry-content'  itemprop=\"text\" >MAK\u0130NA EMN\u0130YET\u0130 TASD\u0130K BELGES\u0130<\/div><\/div><\/div><\/figcaption><\/figure><\/a><!--end av-masonry entry--><a href=\"https:\/\/feihmann.com.tr\/wp-content\/uploads\/2017\/05\/2-3-722x1030.jpg\" id='av-masonry-1-item-3204' data-av-masonry-item='3204' class='av-masonry-entry isotope-item post-3204 attachment type-attachment status-inherit hentry  av-masonry-item-with-image' title=\"ISO 9001:2008\"  itemprop=\"thumbnailUrl\" ><div class='av-inner-masonry-sizer'><\/div><figure class='av-inner-masonry main_color'><div class=\"av-masonry-outerimage-container\"><div class=\"av-masonry-image-container\" style=\"background-image: url(https:\/\/feihmann.com.tr\/wp-content\/uploads\/2017\/05\/2-3-494x705.jpg);\"><img src=\"https:\/\/feihmann.com.tr\/wp-content\/uploads\/2017\/05\/2-3-494x705.jpg\" title=\"\" alt=\"\" \/><\/div><\/div><figcaption class='av-inner-masonry-content site-background'><div class='av-inner-masonry-content-pos'><div class='av-inner-masonry-content-pos-content'><div class='avia-arrow'><\/div><h3 class='av-masonry-entry-title entry-title'  itemprop=\"headline\" ><\/h3><div class='av-masonry-entry-content entry-content'  itemprop=\"text\" >ISO 9001:2008<\/div><\/div><\/div><\/figcaption><\/figure><\/a><!--end av-masonry entry--><a href=\"https:\/\/feihmann.com.tr\/wp-content\/uploads\/2017\/05\/3-3-728x1030.jpg\" id='av-masonry-1-item-3205' data-av-masonry-item='3205' class='av-masonry-entry isotope-item post-3205 attachment type-attachment status-inherit hentry  av-masonry-item-with-image' title=\"T\u00dcRK AKRED\u0130TASYON KURUMU\"  itemprop=\"thumbnailUrl\" ><div class='av-inner-masonry-sizer'><\/div><figure class='av-inner-masonry main_color'><div class=\"av-masonry-outerimage-container\"><div class=\"av-masonry-image-container\" style=\"background-image: url(https:\/\/feihmann.com.tr\/wp-content\/uploads\/2017\/05\/3-3-498x705.jpg);\"><img src=\"https:\/\/feihmann.com.tr\/wp-content\/uploads\/2017\/05\/3-3-498x705.jpg\" title=\"\" alt=\"\" \/><\/div><\/div><figcaption class='av-inner-masonry-content site-background'><div class='av-inner-masonry-content-pos'><div class='av-inner-masonry-content-pos-content'><div class='avia-arrow'><\/div><h3 class='av-masonry-entry-title entry-title'  itemprop=\"headline\" ><\/h3><div class='av-masonry-entry-content entry-content'  itemprop=\"text\" >T\u00dcRK AKRED\u0130TASYON KURUMU<\/div><\/div><\/div><\/figcaption><\/figure><\/a><!--end av-masonry entry--><a href=\"https:\/\/feihmann.com.tr\/wp-content\/uploads\/2017\/05\/4-4-737x1030.jpg\" id='av-masonry-1-item-3206' data-av-masonry-item='3206' class='av-masonry-entry isotope-item post-3206 attachment type-attachment status-inherit hentry  av-masonry-item-with-image' title=\"CE UYGUNLUK BELGES\u0130\"  itemprop=\"thumbnailUrl\" ><div class='av-inner-masonry-sizer'><\/div><figure class='av-inner-masonry main_color'><div class=\"av-masonry-outerimage-container\"><div class=\"av-masonry-image-container\" style=\"background-image: url(https:\/\/feihmann.com.tr\/wp-content\/uploads\/2017\/05\/4-4-505x705.jpg);\"><img src=\"https:\/\/feihmann.com.tr\/wp-content\/uploads\/2017\/05\/4-4-505x705.jpg\" title=\"\" alt=\"\" \/><\/div><\/div><figcaption class='av-inner-masonry-content site-background'><div class='av-inner-masonry-content-pos'><div class='av-inner-masonry-content-pos-content'><div class='avia-arrow'><\/div><h3 class='av-masonry-entry-title entry-title'  itemprop=\"headline\" ><\/h3><div class='av-masonry-entry-content entry-content'  itemprop=\"text\" >CE UYGUNLUK BELGES\u0130<\/div><\/div><\/div><\/figcaption><\/figure><\/a><!--end av-masonry entry--><a href=\"https:\/\/feihmann.com.tr\/wp-content\/uploads\/2017\/05\/5-2-727x1030.jpg\" id='av-masonry-1-item-3207' data-av-masonry-item='3207' class='av-masonry-entry isotope-item post-3207 attachment type-attachment status-inherit hentry  av-masonry-item-with-image' title=\"H\u0130ZMET YETERL\u0130L\u0130K BELGES\u0130\"  itemprop=\"thumbnailUrl\" ><div class='av-inner-masonry-sizer'><\/div><figure class='av-inner-masonry main_color'><div class=\"av-masonry-outerimage-container\"><div class=\"av-masonry-image-container\" style=\"background-image: url(https:\/\/feihmann.com.tr\/wp-content\/uploads\/2017\/05\/5-2-497x705.jpg);\"><img src=\"https:\/\/feihmann.com.tr\/wp-content\/uploads\/2017\/05\/5-2-497x705.jpg\" title=\"\" alt=\"\" \/><\/div><\/div><figcaption class='av-inner-masonry-content site-background'><div class='av-inner-masonry-content-pos'><div class='av-inner-masonry-content-pos-content'><div class='avia-arrow'><\/div><h3 class='av-masonry-entry-title entry-title'  itemprop=\"headline\" ><\/h3><div class='av-masonry-entry-content entry-content'  itemprop=\"text\" >H\u0130ZMET YETERL\u0130L\u0130K BELGES\u0130<\/div><\/div><\/div><\/figcaption><\/figure><\/a><!--end av-masonry entry--><a href=\"https:\/\/feihmann.com.tr\/wp-content\/uploads\/2017\/05\/6-3-731x1030.jpg\" id='av-masonry-1-item-3208' data-av-masonry-item='3208' class='av-masonry-entry isotope-item post-3208 attachment type-attachment status-inherit hentry  av-masonry-item-with-image' title=\"TAEK L\u0130SANSI\"  itemprop=\"thumbnailUrl\" ><div class='av-inner-masonry-sizer'><\/div><figure class='av-inner-masonry main_color'><div class=\"av-masonry-outerimage-container\"><div class=\"av-masonry-image-container\" style=\"background-image: url(https:\/\/feihmann.com.tr\/wp-content\/uploads\/2017\/05\/6-3-501x705.jpg);\"><img src=\"https:\/\/feihmann.com.tr\/wp-content\/uploads\/2017\/05\/6-3-501x705.jpg\" title=\"\" alt=\"\" \/><\/div><\/div><figcaption class='av-inner-masonry-content site-background'><div class='av-inner-masonry-content-pos'><div class='av-inner-masonry-content-pos-content'><div class='avia-arrow'><\/div><h3 class='av-masonry-entry-title entry-title'  itemprop=\"headline\" ><\/h3><div class='av-masonry-entry-content entry-content'  itemprop=\"text\" >TAEK L\u0130SANSI<\/div><\/div><\/div><\/figcaption><\/figure><\/a><!--end av-masonry entry--><\/div><\/div><\/div>\n","protected":false},"excerpt":{"rendered":"","protected":false},"author":1,"featured_media":0,"parent":0,"menu_order":0,"comment_status":"closed","ping_status":"closed","template":"","meta":[],"aioseo_notices":[],"_links":{"self":[{"href":"https:\/\/feihmann.com.tr\/en\/wp-json\/wp\/v2\/pages\/3202"}],"collection":[{"href":"https:\/\/feihmann.com.tr\/en\/wp-json\/wp\/v2\/pages"}],"about":[{"href":"https:\/\/feihmann.com.tr\/en\/wp-json\/wp\/v2\/types\/page"}],"author":[{"embeddable":true,"href":"https:\/\/feihmann.com.tr\/en\/wp-json\/wp\/v2\/users\/1"}],"replies":[{"embeddable":true,"href":"https:\/\/feihmann.com.tr\/en\/wp-json\/wp\/v2\/comments?post=3202"}],"version-history":[{"count":3,"href":"https:\/\/feihmann.com.tr\/en\/wp-json\/wp\/v2\/pages\/3202\/revisions"}],"predecessor-version":[{"id":3265,"href":"https:\/\/feihmann.com.tr\/en\/wp-json\/wp\/v2\/pages\/3202\/revisions\/3265"}],"wp:attachment":[{"href":"https:\/\/feihmann.com.tr\/en\/wp-json\/wp\/v2\/media?parent=3202"}],"curies":[{"name":"wp","href":"https:\/\/api.w.org\/{rel}","templated":true}]}}